{"id":1079,"date":"2024-09-10T06:59:41","date_gmt":"2024-09-10T06:59:41","guid":{"rendered":"https:\/\/thebasesound.com\/?page_id=1079"},"modified":"2025-10-21T21:11:15","modified_gmt":"2025-10-21T21:11:15","slug":"contact-us","status":"publish","type":"page","link":"https:\/\/thebasesound.com\/es\/contact-us\/","title":{"rendered":"Contacto"},"content":{"rendered":"[et_pb_section fb_built=&#8221;1&#8243; custom_padding_last_edited=&#8221;on|phone&#8221; admin_label=&#8221;Header&#8221; _builder_version=&#8221;4.27.2&#8243; background_color=&#8221;#170f20&#8243; use_background_color_gradient=&#8221;on&#8221; background_color_gradient_type=&#8221;circular&#8221; background_color_gradient_direction_radial=&#8221;top right&#8221; background_color_gradient_stops=&#8221;#003d78 1%|#170f20 45%&#8221; background_color_gradient_start=&#8221;#2b3ea0&#8243; background_color_gradient_end=&#8221;#1a1844&#8243; background_color_gradient_end_position=&#8221;45%&#8221; background_image=&#8221;https:\/\/thebasesound.com\/wp-content\/uploads\/2023\/05\/podcast-01.png&#8221; parallax=&#8221;on&#8221; custom_padding=&#8221;3vw||0||false|false&#8221; custom_padding_tablet=&#8221;3vw||0||false|false&#8221; custom_padding_phone=&#8221;0vw||||false|false&#8221; global_colors_info=&#8221;{}&#8221; background_size__hover=&#8221;cover&#8221; background_size__hover_enabled=&#8221;cover&#8221;][et_pb_row _builder_version=&#8221;4.25.1&#8243; _module_preset=&#8221;default&#8221; hover_enabled=&#8221;0&#8243; global_colors_info=&#8221;{}&#8221; sticky_enabled=&#8221;0&#8243;][et_pb_column type=&#8221;4_4&#8243; _builder_version=&#8221;4.25.1&#8243; _module_preset=&#8221;default&#8221; global_colors_info=&#8221;{}&#8221;][et_pb_heading title=&#8221;Contact US&#8221; _builder_version=&#8221;4.27.4&#8243; _module_preset=&#8221;default&#8221; title_font=&#8221;Oswald|700||on|||||&#8221; title_text_align=&#8221;center&#8221; title_text_color=&#8221;#FFFFFF&#8221; title_font_size=&#8221;80px&#8221; title_letter_spacing=&#8221;10px&#8221; title_line_height=&#8221;1.2em&#8221; custom_margin_tablet=&#8221;&#8221; custom_margin_phone=&#8221;30px||-30px||false|false&#8221; custom_margin_last_edited=&#8221;on|phone&#8221; title_font_size_tablet=&#8221;80px&#8221; title_font_size_phone=&#8221;45px&#8221; title_font_size_last_edited=&#8221;on|phone&#8221; title_text_shadow_style=&#8221;preset3&#8243; title_text_shadow_blur_strength=&#8221;0.08em&#8221; title_text_shadow_color=&#8221;#FFFFFF&#8221; global_colors_info=&#8221;{}&#8221;][\/et_pb_heading][et_pb_text _builder_version=&#8221;4.27.2&#8243; _module_preset=&#8221;default&#8221; text_font=&#8221;Nunito||||||||&#8221; text_text_color=&#8221;#FFFFFF&#8221; text_font_size=&#8221;18px&#8221; custom_margin=&#8221;-13px||13px||false|false&#8221; custom_margin_tablet=&#8221;-13px||13px||false|false&#8221; custom_margin_phone=&#8221;45px||-20px||false|false&#8221; custom_margin_last_edited=&#8221;on|tablet&#8221; custom_padding=&#8221;||||false|false&#8221; text_font_size_tablet=&#8221;18px&#8221; text_font_size_phone=&#8221;16px&#8221; text_font_size_last_edited=&#8221;on|phone&#8221; header_font_size_tablet=&#8221;&#8221; header_font_size_phone=&#8221;&#8221; header_font_size_last_edited=&#8221;on|phone&#8221; global_colors_info=&#8221;{}&#8221;]<p style=\"text-align: center;\">-La mediocridad no es una opci\u00f3n cuando est\u00e1s destinado a dominar el mundo digital.-<\/p>[\/et_pb_text][\/et_pb_column][\/et_pb_row][et_pb_row _builder_version=&#8221;4.27.4&#8243; background_position=&#8221;top_center&#8221; width=&#8221;100%&#8221; max_width=&#8221;100%&#8221; custom_margin=&#8221;|auto|auto|auto|false|false&#8221; animation_style=&#8221;slide&#8221; animation_direction=&#8221;bottom&#8221; animation_intensity_slide=&#8221;1%&#8221; use_custom_width=&#8221;on&#8221; width_unit=&#8221;off&#8221; custom_width_percent=&#8221;100%&#8221; global_colors_info=&#8221;{}&#8221;][et_pb_column type=&#8221;4_4&#8243; _builder_version=&#8221;4.16&#8243; custom_padding=&#8221;|||&#8221; global_colors_info=&#8221;{}&#8221; custom_padding__hover=&#8221;|||&#8221;][et_pb_contact_form email=&#8221;thebasesc@gmail.com&#8221; custom_message=&#8221;BUY PLAN FORM||et_pb_line_break_holder||||et_pb_line_break_holder||The name is: %%Name%%||et_pb_line_break_holder||The last name is: %%Last_Name%%||et_pb_line_break_holder||The contact email is: %%Email%%||et_pb_line_break_holder||The company name is: %%Company_Name%%||et_pb_line_break_holder||Plan they want: %%PLANS%%||et_pb_line_break_holder||How did you hear about us: %%Hear_from_us%%||et_pb_line_break_holder||Message: %%Message%%&#8221; success_message=&#8221;%22The journey of a thousand miles begins with one step%22. Thank You! We&#8217;ll contact you very soon.&#8221; submit_button_text=&#8221;SUBMIT&#8221; module_class=&#8221;pa-contact-form-success-message&#8221; _builder_version=&#8221;4.27.4&#8243; _module_preset=&#8221;default&#8221; _unique_id=&#8221;30fef0e0-d844-40dc-b916-9a45b201b114&#8243; form_field_background_color=&#8221;#FFFFFF&#8221; form_field_text_color=&#8221;#7a7a7a&#8221; form_field_focus_text_color=&#8221;#000000&#8243; form_field_custom_margin=&#8221;|0px|||false|false&#8221; title_font=&#8221;Nunito||||||||&#8221; title_text_align=&#8221;center&#8221; title_text_color=&#8221;#FFFFFF&#8221; title_font_size=&#8221;33px&#8221; captcha_font=&#8221;Nunito||||||||&#8221; captcha_text_color=&#8221;#FFFFFF&#8221; captcha_font_size=&#8221;17px&#8221; form_field_font=&#8221;Nunito|500|||||||&#8221; form_field_font_size=&#8221;17px&#8221; custom_button=&#8221;on&#8221; button_text_color=&#8221;#ffffff&#8221; button_bg_color=&#8221;gcid-secondary-color&#8221; button_border_width=&#8221;3px&#8221; button_border_color=&#8221;#D70074&#8243; button_border_radius=&#8221;9px&#8221; button_letter_spacing=&#8221;1px&#8221; button_font=&#8221;Nunito|800|||||||&#8221; button_icon=&#8221;&#x3d;||divi||400&#8243; button_icon_color=&#8221;#FFFFFF&#8221; width=&#8221;45%&#8221; width_tablet=&#8221;79%&#8221; width_phone=&#8221;80%&#8221; width_last_edited=&#8221;on|phone&#8221; module_alignment=&#8221;center&#8221; custom_margin=&#8221;|||0px|false|false&#8221; custom_padding=&#8221;|||0px|false|false&#8221; custom_padding_tablet=&#8221;|||0px|false|false&#8221; custom_padding_phone=&#8221;||25px||false|false&#8221; custom_padding_last_edited=&#8221;on|phone&#8221; title_text_shadow_style=&#8221;preset1&#8243; title_text_shadow_vertical_length=&#8221;0em&#8221; title_text_shadow_blur_strength=&#8221;0.11em&#8221; title_text_shadow_color=&#8221;#FFFFFF&#8221; border_radii=&#8221;on|9px|9px|9px|9px&#8221; border_width_all=&#8221;0px&#8221; border_color_all=&#8221;RGBA(255,255,255,0)&#8221; locked=&#8221;off&#8221; global_colors_info=&#8221;{%22gcid-secondary-color%22:%91%22button_bg_color%22%93}&#8221;][et_pb_contact_field field_id=&#8221;Name&#8221; field_title=&#8221;Name&#8221; _builder_version=&#8221;4.25.1&#8243; global_colors_info=&#8221;{}&#8221; button_text_size__hover_enabled=&#8221;off&#8221; button_one_text_size__hover_enabled=&#8221;off&#8221; button_two_text_size__hover_enabled=&#8221;off&#8221; button_text_color__hover_enabled=&#8221;off&#8221; button_one_text_color__hover_enabled=&#8221;off&#8221; button_two_text_color__hover_enabled=&#8221;off&#8221; button_border_width__hover_enabled=&#8221;off&#8221; button_one_border_width__hover_enabled=&#8221;off&#8221; button_two_border_width__hover_enabled=&#8221;off&#8221; button_border_color__hover_enabled=&#8221;off&#8221; button_one_border_color__hover_enabled=&#8221;off&#8221; button_two_border_color__hover_enabled=&#8221;off&#8221; button_border_radius__hover_enabled=&#8221;off&#8221; button_one_border_radius__hover_enabled=&#8221;off&#8221; button_two_border_radius__hover_enabled=&#8221;off&#8221; button_letter_spacing__hover_enabled=&#8221;off&#8221; button_one_letter_spacing__hover_enabled=&#8221;off&#8221; button_two_letter_spacing__hover_enabled=&#8221;off&#8221; button_bg_color__hover_enabled=&#8221;off&#8221; button_one_bg_color__hover_enabled=&#8221;off&#8221; button_two_bg_color__hover_enabled=&#8221;off&#8221;][\/et_pb_contact_field][et_pb_contact_field field_id=&#8221;Email&#8221; field_title=&#8221;Email &#8221; field_type=&#8221;email&#8221; _builder_version=&#8221;4.27.4&#8243; global_colors_info=&#8221;{}&#8221; button_text_size__hover_enabled=&#8221;off&#8221; button_one_text_size__hover_enabled=&#8221;off&#8221; button_two_text_size__hover_enabled=&#8221;off&#8221; button_text_color__hover_enabled=&#8221;off&#8221; button_one_text_color__hover_enabled=&#8221;off&#8221; button_two_text_color__hover_enabled=&#8221;off&#8221; button_border_width__hover_enabled=&#8221;off&#8221; button_one_border_width__hover_enabled=&#8221;off&#8221; button_two_border_width__hover_enabled=&#8221;off&#8221; button_border_color__hover_enabled=&#8221;off&#8221; button_one_border_color__hover_enabled=&#8221;off&#8221; button_two_border_color__hover_enabled=&#8221;off&#8221; button_border_radius__hover_enabled=&#8221;off&#8221; button_one_border_radius__hover_enabled=&#8221;off&#8221; button_two_border_radius__hover_enabled=&#8221;off&#8221; button_letter_spacing__hover_enabled=&#8221;off&#8221; button_one_letter_spacing__hover_enabled=&#8221;off&#8221; button_two_letter_spacing__hover_enabled=&#8221;off&#8221; button_bg_color__hover_enabled=&#8221;off&#8221; button_one_bg_color__hover_enabled=&#8221;off&#8221; button_two_bg_color__hover_enabled=&#8221;off&#8221;][\/et_pb_contact_field][et_pb_contact_field field_id=&#8221;PLANS&#8221; field_title=&#8221;I want more info on this plan&#8221; field_type=&#8221;select&#8221; select_options=&#8221;%91{%22value%22:%22GO LIVE &#8211; ORIGIN%22,%22checked%22:0,%22dragID%22:3},{%22value%22:%22GO LIVE &#8211; ESSENCE%22,%22checked%22:0,%22dragID%22:-1},{%22value%22:%22GO LIVE &#8211; ASCEND%22,%22checked%22:0,%22dragID%22:0},{%22value%22:%22SMART &#8211; ELEMENTAL%22,%22checked%22:0,%22dragID%22:4},{%22value%22:%22SMART &#8211; ADVANCED%22,%22checked%22:0,%22dragID%22:1},{%22value%22:%22SMART &#8211; ELITE%22,%22checked%22:0,%22dragID%22:2}%93&#8243; fullwidth_field=&#8221;on&#8221; _builder_version=&#8221;4.27.4&#8243; _module_preset=&#8221;default&#8221; global_colors_info=&#8221;{}&#8221;][\/et_pb_contact_field][et_pb_contact_field field_id=&#8221;Message&#8221; field_title=&#8221;Message&#8221; field_type=&#8221;text&#8221; required_mark=&#8221;off&#8221; fullwidth_field=&#8221;on&#8221; _builder_version=&#8221;4.27.0&#8243; custom_margin_tablet=&#8221;&#8221; custom_margin_phone=&#8221;||15px||false|false&#8221; custom_margin_last_edited=&#8221;on|phone&#8221; custom_padding_tablet=&#8221;&#8221; custom_padding_phone=&#8221;||0px||false|false&#8221; custom_padding_last_edited=&#8221;on|phone&#8221; global_colors_info=&#8221;{}&#8221; button_text_size__hover_enabled=&#8221;off&#8221; button_one_text_size__hover_enabled=&#8221;off&#8221; button_two_text_size__hover_enabled=&#8221;off&#8221; button_text_color__hover_enabled=&#8221;off&#8221; button_one_text_color__hover_enabled=&#8221;off&#8221; button_two_text_color__hover_enabled=&#8221;off&#8221; button_border_width__hover_enabled=&#8221;off&#8221; button_one_border_width__hover_enabled=&#8221;off&#8221; button_two_border_width__hover_enabled=&#8221;off&#8221; button_border_color__hover_enabled=&#8221;off&#8221; button_one_border_color__hover_enabled=&#8221;off&#8221; button_two_border_color__hover_enabled=&#8221;off&#8221; button_border_radius__hover_enabled=&#8221;off&#8221; button_one_border_radius__hover_enabled=&#8221;off&#8221; button_two_border_radius__hover_enabled=&#8221;off&#8221; button_letter_spacing__hover_enabled=&#8221;off&#8221; button_one_letter_spacing__hover_enabled=&#8221;off&#8221; button_two_letter_spacing__hover_enabled=&#8221;off&#8221; button_bg_color__hover_enabled=&#8221;off&#8221; button_one_bg_color__hover_enabled=&#8221;off&#8221; button_two_bg_color__hover_enabled=&#8221;off&#8221;][\/et_pb_contact_field][\/et_pb_contact_form][et_pb_social_media_follow _builder_version=&#8221;4.27.4&#8243; _module_preset=&#8221;default&#8221; hover_enabled=&#8221;0&#8243; sticky_enabled=&#8221;0&#8243; text_orientation=&#8221;center&#8221;][et_pb_social_media_follow_network social_network=&#8221;instagram&#8221; background_color=&#8221;RGBA(255,255,255,0)&#8221; _builder_version=&#8221;4.27.4&#8243; _module_preset=&#8221;default&#8221; follow_button=&#8221;off&#8221; url_new_window=&#8221;on&#8221; url=&#8221;https:\/\/www.instagram.com\/thebasesound\/&#8221; icon_color=&#8221;#FFFFFF&#8221; use_icon_font_size=&#8221;on&#8221; icon_font_size=&#8221;17px&#8221; background_enable_color=&#8221;on&#8221; hover_enabled=&#8221;0&#8243; sticky_enabled=&#8221;0&#8243; border_radii=&#8221;on|9px|9px|9px|9px&#8221; border_width_all=&#8221;2px&#8221; border_color_all=&#8221;#FFFFFF&#8221;]instagram[\/et_pb_social_media_follow_network][et_pb_social_media_follow_network social_network=&#8221;linkedin&#8221; background_color=&#8221;RGBA(255,255,255,0)&#8221; _builder_version=&#8221;4.27.4&#8243; _module_preset=&#8221;default&#8221; follow_button=&#8221;off&#8221; url_new_window=&#8221;on&#8221; background_enable_color=&#8221;on&#8221; hover_enabled=&#8221;0&#8243; sticky_enabled=&#8221;0&#8243; use_icon_font_size=&#8221;on&#8221; icon_font_size=&#8221;17px&#8221; border_width_all=&#8221;2px&#8221; border_radii=&#8221;on|9px|9px|9px|9px&#8221; border_color_all=&#8221;#FFFFFF&#8221; url=&#8221;https:\/\/www.linkedin.com\/in\/luis-de-casas-b379a862\/&#8221;]linkedin[\/et_pb_social_media_follow_network][\/et_pb_social_media_follow][\/et_pb_column][\/et_pb_row][et_pb_row column_structure=&#8221;1_2,1_2&#8243; _builder_version=&#8221;4.27.4&#8243; background_position=&#8221;top_center&#8221; width=&#8221;100%&#8221; max_width=&#8221;100%&#8221; min_height=&#8221;869px&#8221; custom_margin=&#8221;|auto|-80px|auto||&#8221; custom_padding=&#8221;|10%|10vw|10%||true&#8221; animation_style=&#8221;slide&#8221; animation_direction=&#8221;bottom&#8221; animation_intensity_slide=&#8221;1%&#8221; use_custom_width=&#8221;on&#8221; width_unit=&#8221;off&#8221; custom_width_percent=&#8221;100%&#8221; global_colors_info=&#8221;{}&#8221;][et_pb_column type=&#8221;1_2&#8243; _builder_version=&#8221;4.16&#8243; custom_padding=&#8221;|||&#8221; global_colors_info=&#8221;{}&#8221; custom_padding__hover=&#8221;|||&#8221;][et_pb_testimonial author=&#8221;-Alyse Bacine-&#8221; company_name=&#8221;Reclaiming Consciousness by Alyse Breathes&#8221; portrait_url=&#8221;https:\/\/thebasesound.com\/wp-content\/uploads\/2023\/10\/Alyse-2-scaled.jpeg&#8221; quote_icon=&#8221;off&#8221; portrait_width=&#8221;147px&#8221; portrait_height=&#8221;200px&#8221; _builder_version=&#8221;4.27.4&#8243; _module_preset=&#8221;default&#8221; body_font=&#8221;Nunito||||||||&#8221; body_text_align=&#8221;left&#8221; body_text_color=&#8221;#FFFFFF&#8221; body_font_size=&#8221;17px&#8221; body_line_height=&#8221;1.6em&#8221; author_font=&#8221;Nunito|700|||||||&#8221; author_text_color=&#8221;#FFFFFF&#8221; author_font_size=&#8221;20px&#8221; position_font=&#8221;Nunito||||||||&#8221; position_font_size=&#8221;16px&#8221; company_font=&#8221;Nunito||||||||&#8221; company_text_color=&#8221;#FFFFFF&#8221; company_font_size=&#8221;16px&#8221; use_background_color_gradient=&#8221;on&#8221; background_color_gradient_direction=&#8221;90deg&#8221; background_color_gradient_stops=&#8221;#003d78 34%|#d70074 97%&#8221; border_radii=&#8221;on|9px|9px|9px|9px&#8221; border_radii_portrait=&#8221;on|12px|12px|12px|12px&#8221; border_color_all_portrait=&#8221;#ffc900&#8243; box_shadow_style=&#8221;preset1&#8243; box_shadow_blur=&#8221;20px&#8221; box_shadow_spread=&#8221;5px&#8221; box_shadow_color=&#8221;#170F20&#8243; global_colors_info=&#8221;{}&#8221;]<p class=\"et_pb_slide_title\">\"The Base Sound ha estado produciendo mi podcast durante m\u00e1s de cuatro a\u00f1os y no podr\u00eda estar m\u00e1s feliz con toda la experiencia. Siempre est\u00e1n pensando formas de mejorar o hacer crecer mi podcast\"<\/p>[\/et_pb_testimonial][\/et_pb_column][et_pb_column type=&#8221;1_2&#8243; _builder_version=&#8221;4.16&#8243; custom_padding=&#8221;||0px||false|false&#8221; global_colors_info=&#8221;{}&#8221; custom_padding__hover=&#8221;|||&#8221;][et_pb_testimonial author=&#8221;-Corinne McAndrews-&#8221; company_name=&#8221;The Soft Focus by Late Bloomer Ranch&#8221; portrait_url=&#8221;https:\/\/thebasesound.com\/wp-content\/uploads\/2024\/05\/Corinne.jpeg&#8221; quote_icon=&#8221;off&#8221; portrait_width=&#8221;147px&#8221; portrait_height=&#8221;200px&#8221; company_name_tablet=&#8221;The Soft Focus by Late Bloomer Ranch&#8221; company_name_phone=&#8221;The Soft Focus by Late Bloomer Ranch&#8221; company_name_last_edited=&#8221;on|phone&#8221; content_tablet=&#8221;<p class=\"%22et_pb_slide_title%22\">%22The Base Sound has provided a world of expertise, excellent editing and production, as well as great ideas and fun along the way! If you want to create a podcast, these are your people.%22<\/p>&#8221; content_phone=&#8221;<p class=\"%22et_pb_slide_title%22\">%22The Base Sound has provided a world of expertise, excellent editing and production, as well as great ideas and fun along the way! If you want to create a podcast, these are your people.%22<\/p>&#8221; content_last_edited=&#8221;on|phone&#8221; _builder_version=&#8221;4.27.2&#8243; _module_preset=&#8221;default&#8221; body_font=&#8221;Nunito||||||||&#8221; body_text_align=&#8221;left&#8221; body_text_color=&#8221;#FFFFFF&#8221; body_font_size=&#8221;17px&#8221; body_line_height=&#8221;1.6em&#8221; author_font=&#8221;Nunito|700|||||||&#8221; author_text_color=&#8221;#FFFFFF&#8221; author_font_size=&#8221;20px&#8221; position_font=&#8221;Nunito||||||||&#8221; position_font_size=&#8221;16px&#8221; company_font=&#8221;Nunito||||||||&#8221; company_text_color=&#8221;#FFFFFF&#8221; company_font_size=&#8221;16px&#8221; use_background_color_gradient=&#8221;on&#8221; background_color_gradient_direction=&#8221;270deg&#8221; background_color_gradient_stops=&#8221;#003d78 34%|#d70074 84%&#8221; height=&#8221;262px&#8221; height_tablet=&#8221;248px&#8221; height_phone=&#8221;564px&#8221; height_last_edited=&#8221;on|phone&#8221; custom_margin=&#8221;||0px||false|false&#8221; custom_margin_tablet=&#8221;||0px||false|false&#8221; custom_margin_phone=&#8221;||41px||false|false&#8221; custom_margin_last_edited=&#8221;on|phone&#8221; custom_padding=&#8221;||0px||false|false&#8221; custom_padding_tablet=&#8221;||0px||false|false&#8221; custom_padding_phone=&#8221;||0px||false|false&#8221; custom_padding_last_edited=&#8221;on|desktop&#8221; border_radii=&#8221;on|9px|9px|9px|9px&#8221; border_radii_portrait=&#8221;on|12px|12px|12px|12px&#8221; border_color_all_portrait=&#8221;#ffc900&#8243; box_shadow_style=&#8221;preset1&#8243; box_shadow_blur=&#8221;20px&#8221; box_shadow_spread=&#8221;5px&#8221; box_shadow_color=&#8221;#170F20&#8243; global_colors_info=&#8221;{}&#8221;]<p class=\"et_pb_slide_title\">&#8220;The Base Sound has provided a world of expertise, excellent editing and production, as well as great ideas and fun along the way! If you want to create a podcast, these are your people.&#8221;<\/p>[\/et_pb_testimonial][\/et_pb_column][\/et_pb_row][\/et_pb_section]","protected":false},"excerpt":{"rendered":"<p>-Mediocrity isn&#8217;t an option when you&#8217;re set to rule the digital world-&#8220;The Base Sound has been producing my podcast for over two years now and I couldn&#8217;t be happier with the entire experience. They&#8217;re incredibly easy to work with and are always preemptively thinking of ways I can improve or grow my show&#8221;&#8221;The Base Sound [&hellip;]<\/p>","protected":false},"author":1,"featured_media":0,"parent":0,"menu_order":0,"comment_status":"closed","ping_status":"closed","template":"","meta":{"_et_pb_use_builder":"on","_et_pb_old_content":"","_et_gb_content_width":"","footnotes":""},"class_list":["post-1079","page","type-page","status-publish","hentry"],"yoast_head":"<!-- This site is optimized with the Yoast SEO plugin v26.4 - https:\/\/yoast.com\/wordpress\/plugins\/seo\/ -->\n<title>Improve Your Brand&#039;s Communication - The Base<\/title>\n<meta name=\"description\" content=\"Contact The Base to improve your brand&#039;s digital communication strategy. Connect, stand out, and make an impact.\" \/>\n<meta name=\"robots\" content=\"index, follow, max-snippet:-1, max-image-preview:large, max-video-preview:-1\" \/>\n<link rel=\"canonical\" href=\"https:\/\/thebasesound.com\/es\/contact-us\/\" \/>\n<meta property=\"og:locale\" content=\"es_ES\" \/>\n<meta property=\"og:type\" content=\"article\" \/>\n<meta property=\"og:title\" content=\"Improve Your Brand&#039;s Communication - The Base\" \/>\n<meta property=\"og:description\" content=\"Contact The Base to improve your brand&#039;s digital communication strategy. Connect, stand out, and make an impact.\" \/>\n<meta property=\"og:url\" content=\"https:\/\/thebasesound.com\/es\/contact-us\/\" \/>\n<meta property=\"og:site_name\" content=\"The Base\" \/>\n<meta property=\"article:modified_time\" content=\"2025-10-21T21:11:15+00:00\" \/>\n<meta name=\"twitter:card\" content=\"summary_large_image\" \/>\n<meta name=\"twitter:label1\" content=\"Tiempo de lectura\" \/>\n\t<meta name=\"twitter:data1\" content=\"1 minuto\" \/>\n<script type=\"application\/ld+json\" class=\"yoast-schema-graph\">{\"@context\":\"https:\/\/schema.org\",\"@graph\":[{\"@type\":[\"WebPage\",\"ContactPage\"],\"@id\":\"https:\/\/thebasesound.com\/contact-us\/\",\"url\":\"https:\/\/thebasesound.com\/contact-us\/\",\"name\":\"Improve Your Brand's Communication - The Base\",\"isPartOf\":{\"@id\":\"https:\/\/thebasesound.com\/#website\"},\"datePublished\":\"2024-09-10T06:59:41+00:00\",\"dateModified\":\"2025-10-21T21:11:15+00:00\",\"description\":\"Contact The Base to improve your brand's digital communication strategy. Connect, stand out, and make an impact.\",\"breadcrumb\":{\"@id\":\"https:\/\/thebasesound.com\/contact-us\/#breadcrumb\"},\"inLanguage\":\"es\",\"potentialAction\":[{\"@type\":\"ReadAction\",\"target\":[\"https:\/\/thebasesound.com\/contact-us\/\"]}]},{\"@type\":\"BreadcrumbList\",\"@id\":\"https:\/\/thebasesound.com\/contact-us\/#breadcrumb\",\"itemListElement\":[{\"@type\":\"ListItem\",\"position\":1,\"name\":\"Home\",\"item\":\"https:\/\/thebasesound.com\/\"},{\"@type\":\"ListItem\",\"position\":2,\"name\":\"Contact Us\"}]},{\"@type\":\"WebSite\",\"@id\":\"https:\/\/thebasesound.com\/#website\",\"url\":\"https:\/\/thebasesound.com\/\",\"name\":\"The Base Sound\",\"description\":\"Digital Communication\",\"publisher\":{\"@id\":\"https:\/\/thebasesound.com\/#organization\"},\"alternateName\":\"The Base\",\"potentialAction\":[{\"@type\":\"SearchAction\",\"target\":{\"@type\":\"EntryPoint\",\"urlTemplate\":\"https:\/\/thebasesound.com\/?s={search_term_string}\"},\"query-input\":{\"@type\":\"PropertyValueSpecification\",\"valueRequired\":true,\"valueName\":\"search_term_string\"}}],\"inLanguage\":\"es\"},{\"@type\":\"Organization\",\"@id\":\"https:\/\/thebasesound.com\/#organization\",\"name\":\"The Base\",\"alternateName\":\"The Base Sound\",\"url\":\"https:\/\/thebasesound.com\/\",\"logo\":{\"@type\":\"ImageObject\",\"inLanguage\":\"es\",\"@id\":\"https:\/\/thebasesound.com\/#\/schema\/logo\/image\/\",\"url\":\"https:\/\/thebasesound.com\/wp-content\/uploads\/2024\/08\/Proto-Logo-Fucsia-The-Base.png\",\"contentUrl\":\"https:\/\/thebasesound.com\/wp-content\/uploads\/2024\/08\/Proto-Logo-Fucsia-The-Base.png\",\"width\":515,\"height\":229,\"caption\":\"The Base\"},\"image\":{\"@id\":\"https:\/\/thebasesound.com\/#\/schema\/logo\/image\/\"},\"sameAs\":[\"https:\/\/www.linkedin.com\/in\/luis-de-casas-b379a862\/\",\"https:\/\/www.instagram.com\/thebasesound\/\"]}]}<\/script>\n<!-- \/ Yoast SEO plugin. -->","yoast_head_json":{"title":"Improve Your Brand's Communication - The Base","description":"Contact The Base to improve your brand's digital communication strategy. Connect, stand out, and make an impact.","robots":{"index":"index","follow":"follow","max-snippet":"max-snippet:-1","max-image-preview":"max-image-preview:large","max-video-preview":"max-video-preview:-1"},"canonical":"https:\/\/thebasesound.com\/es\/contact-us\/","og_locale":"es_ES","og_type":"article","og_title":"Improve Your Brand's Communication - The Base","og_description":"Contact The Base to improve your brand's digital communication strategy. Connect, stand out, and make an impact.","og_url":"https:\/\/thebasesound.com\/es\/contact-us\/","og_site_name":"The Base","article_modified_time":"2025-10-21T21:11:15+00:00","twitter_card":"summary_large_image","twitter_misc":{"Tiempo de lectura":"1 minuto"},"schema":{"@context":"https:\/\/schema.org","@graph":[{"@type":["WebPage","ContactPage"],"@id":"https:\/\/thebasesound.com\/contact-us\/","url":"https:\/\/thebasesound.com\/contact-us\/","name":"Improve Your Brand's Communication - The Base","isPartOf":{"@id":"https:\/\/thebasesound.com\/#website"},"datePublished":"2024-09-10T06:59:41+00:00","dateModified":"2025-10-21T21:11:15+00:00","description":"Contact The Base to improve your brand's digital communication strategy. Connect, stand out, and make an impact.","breadcrumb":{"@id":"https:\/\/thebasesound.com\/contact-us\/#breadcrumb"},"inLanguage":"es","potentialAction":[{"@type":"ReadAction","target":["https:\/\/thebasesound.com\/contact-us\/"]}]},{"@type":"BreadcrumbList","@id":"https:\/\/thebasesound.com\/contact-us\/#breadcrumb","itemListElement":[{"@type":"ListItem","position":1,"name":"Home","item":"https:\/\/thebasesound.com\/"},{"@type":"ListItem","position":2,"name":"Contact Us"}]},{"@type":"WebSite","@id":"https:\/\/thebasesound.com\/#website","url":"https:\/\/thebasesound.com\/","name":"The Base Sound","description":"Digital Communication","publisher":{"@id":"https:\/\/thebasesound.com\/#organization"},"alternateName":"The Base","potentialAction":[{"@type":"SearchAction","target":{"@type":"EntryPoint","urlTemplate":"https:\/\/thebasesound.com\/?s={search_term_string}"},"query-input":{"@type":"PropertyValueSpecification","valueRequired":true,"valueName":"search_term_string"}}],"inLanguage":"es"},{"@type":"Organization","@id":"https:\/\/thebasesound.com\/#organization","name":"The Base","alternateName":"The Base Sound","url":"https:\/\/thebasesound.com\/","logo":{"@type":"ImageObject","inLanguage":"es","@id":"https:\/\/thebasesound.com\/#\/schema\/logo\/image\/","url":"https:\/\/thebasesound.com\/wp-content\/uploads\/2024\/08\/Proto-Logo-Fucsia-The-Base.png","contentUrl":"https:\/\/thebasesound.com\/wp-content\/uploads\/2024\/08\/Proto-Logo-Fucsia-The-Base.png","width":515,"height":229,"caption":"The Base"},"image":{"@id":"https:\/\/thebasesound.com\/#\/schema\/logo\/image\/"},"sameAs":["https:\/\/www.linkedin.com\/in\/luis-de-casas-b379a862\/","https:\/\/www.instagram.com\/thebasesound\/"]}]}},"_links":{"self":[{"href":"https:\/\/thebasesound.com\/es\/wp-json\/wp\/v2\/pages\/1079","targetHints":{"allow":["GET"]}}],"collection":[{"href":"https:\/\/thebasesound.com\/es\/wp-json\/wp\/v2\/pages"}],"about":[{"href":"https:\/\/thebasesound.com\/es\/wp-json\/wp\/v2\/types\/page"}],"author":[{"embeddable":true,"href":"https:\/\/thebasesound.com\/es\/wp-json\/wp\/v2\/users\/1"}],"replies":[{"embeddable":true,"href":"https:\/\/thebasesound.com\/es\/wp-json\/wp\/v2\/comments?post=1079"}],"version-history":[{"count":90,"href":"https:\/\/thebasesound.com\/es\/wp-json\/wp\/v2\/pages\/1079\/revisions"}],"predecessor-version":[{"id":3736,"href":"https:\/\/thebasesound.com\/es\/wp-json\/wp\/v2\/pages\/1079\/revisions\/3736"}],"wp:attachment":[{"href":"https:\/\/thebasesound.com\/es\/wp-json\/wp\/v2\/media?parent=1079"}],"curies":[{"name":"wp","href":"https:\/\/api.w.org\/{rel}","templated":true}]}}